{"id":21861,"date":"2017-12-01T16:08:40","date_gmt":"2017-12-01T19:08:40","guid":{"rendered":"http:\/\/www.encontratatuape.com.br\/blog\/?page_id=21861"},"modified":"2025-10-03T17:20:41","modified_gmt":"2025-10-03T20:20:41","slug":"sobre-tatuape","status":"publish","type":"page","link":"https:\/\/www.encontratatuape.com.br\/sobre\/","title":{"rendered":"Sobre Tatuap\u00e9"},"content":{"rendered":"<div class=\"e4ce95ad2a9701ddc71bb6ec09365896\" data-index=\"1\" style=\"float: none; margin:0px;\">\n<!-- Anuncio display - global -->\r\n<ins class=\"adsbygoogle\"\r\n     style=\"display:block\"\r\n     data-ad-client=\"ca-pub-8585364105181520\"\r\n     data-ad-slot=\"8789329856\"\r\n     data-ad-format=\"auto\"\r\n     data-full-width-responsive=\"true\"><\/ins>\r\n<script>\r\n     (adsbygoogle = window.adsbygoogle || []).push({});\r\n<\/script>\r\n\n<\/div>\n<h2>Limites &#8211; Bairros Vizinhos &#8211; Zona Leste<\/h2>\n<p><a href=\"https:\/\/www.encontrajardimanaliafranco.com.br\">Jardim An\u00e1lia Franco<\/a><a href=\"https:\/\/www.encontratatuape.com.br\/blog\/wp-content\/uploads\/2017\/12\/limites_tatuape.jpg\"><img loading=\"lazy\" decoding=\"async\" class=\"size-full wp-image-21862 alignleft\" src=\"https:\/\/www.encontratatuape.com.br\/blog\/wp-content\/uploads\/2017\/12\/limites_tatuape.jpg\" alt=\"\" width=\"250\" height=\"200\" \/><\/a><\/p>\n<p><a href=\"https:\/\/www.encontrabelenzinho.com.br\">Bel\u00e9m<\/a><\/p>\n<p><a href=\"https:\/\/www.encontrasp.com.br\/agua-rasa\">\u00c1gua Rasa<\/a><\/p>\n<p><a href=\"https:\/\/www.encontravilamaria.com.br\">Vila Maria<\/a><\/p>\n<p><a href=\"https:\/\/www.encontrapenha.com.br\">Penha<\/a><\/p>\n<p><a href=\"https:\/\/www.encontracarrao.com.br\">Carr\u00e3o<\/a><\/p>\n<p><a href=\"https:\/\/www.encontravilaformosa.com.br\">Vila Formosa<\/a><\/p>\n<h2>Bairros<\/h2>\n<p>O Distrito de\u00a0<a title=\"Bairro do tatuap\u00e9\" href=\"https:\/\/www.encontratatuape.com.br\/\">Tatuap\u00e9<\/a>\u00a0est\u00e1 situado na Zona Leste e abrange os bairros de:<\/p>\n<p>\u2022 Ch\u00e1cara Maranh\u00e3o<br \/>\n\u2022 Ch\u00e1cara Nani<br \/>\n\u2022 Cidade M\u00e3e do C\u00e9u<br \/>\n\u2022 Jardim Alice<br \/>\n\u2022 Jardim Text\u00edlia<br \/>\n\u2022 Parque S\u00e3o Jorge<br \/>\n\u2022\u00a0<a href=\"https:\/\/www.encontratatuape.com.br\/\" target=\"_blank\" rel=\"noopener noreferrer\">Tatuap\u00e9<\/a><br \/>\n\u2022 Vila Azevedo<br \/>\n\u2022 Vila Brasil<br \/>\n\u2022 Vila Gomes Cardim<br \/>\n\u2022 Vila Luiza<br \/>\n\u2022 Vila Luzitana<br \/>\n\u2022 Vila Moreira<br \/>\n\u2022 Vila Santo Estev\u00e3o<br \/>\n\u2022 Vila Zilda<\/p>\n<h2>Pontos Tur\u00edsticos<\/h2>\n<p><a href=\"https:\/\/www.encontratatuape.com.br\/blog\/wp-content\/uploads\/2017\/12\/shopping_tatuape.jpg\"><img loading=\"lazy\" decoding=\"async\" class=\"alignleft wp-image-21867 size-thumbnail\" src=\"https:\/\/www.encontratatuape.com.br\/blog\/wp-content\/uploads\/2017\/12\/shopping_tatuape-150x150.jpg\" alt=\"\" width=\"150\" height=\"150\" \/><\/a> <a href=\"https:\/\/www.encontratatuape.com.br\/blog\/wp-content\/uploads\/2017\/12\/casa_do_tatuape.jpg\"><img loading=\"lazy\" decoding=\"async\" class=\"alignleft wp-image-21866 size-thumbnail\" src=\"https:\/\/www.encontratatuape.com.br\/blog\/wp-content\/uploads\/2017\/12\/casa_do_tatuape-150x150.jpg\" alt=\"\" width=\"150\" height=\"150\" \/><\/a><a href=\"https:\/\/www.encontratatuape.com.br\/blog\/wp-content\/uploads\/2017\/12\/parque_esportivo_dos_trabahadores_piscina.jpg\"><img loading=\"lazy\" decoding=\"async\" class=\"wp-image-21865 size-thumbnail alignleft\" src=\"https:\/\/www.encontratatuape.com.br\/blog\/wp-content\/uploads\/2017\/12\/parque_esportivo_dos_trabahadores_piscina-150x150.jpg\" alt=\"\" width=\"150\" height=\"150\" \/><\/a> <a href=\"https:\/\/www.encontratatuape.com.br\/blog\/wp-content\/uploads\/2017\/12\/parque_piqueri2.jpg\"><img loading=\"lazy\" decoding=\"async\" class=\"wp-image-21863 size-thumbnail alignleft\" src=\"https:\/\/www.encontratatuape.com.br\/blog\/wp-content\/uploads\/2017\/12\/parque_piqueri2-150x150.jpg\" alt=\"\" width=\"150\" height=\"150\" \/><\/a><\/p>\n<p>&nbsp;<\/p>\n<p>&nbsp;<\/p>\n<p>&nbsp;<\/p>\n<p>&nbsp;<\/p>\n<p><em><strong>Destaque<\/strong><\/em><br \/>\n<strong>Shopping Metr\u00f4 Tatuap\u00e9<\/strong><br \/>\nO <a href=\"https:\/\/www.encontratatuape.com.br\/tatuape\/shopping-tatuape.shtml\">Shopping Metr\u00f4 Tatuap\u00e9<\/a> \u00e9 um centro comercial da cidade de S\u00e3o Paulo e \u00e9 ligado por uma passarela ao Shopping Boulevard Tatuap\u00e9 e tem acesso direto \u00e0 esta\u00e7\u00e3o <a href=\"\/\">Tatuap\u00e9<\/a> do metr\u00f4.<\/p>\n<h3>Dados Principais sobre o Tatuap\u00e9<\/h3>\n<p><strong>Popula\u00e7\u00e3o<\/strong> 75.481 hab.(2010)<br \/>\n<strong>Renda m\u00e9dia<\/strong> R$ 2.361,96<br \/>\n<strong>IDH<\/strong> 0,936 &#8211; muito elevado<br \/>\n<strong>Subprefeitura<\/strong> Mooca<br \/>\n<strong>Regi\u00e3o Administrativa<\/strong> Sudeste<br \/>\n<strong>\u00c1rea Geogr\u00e1fica<\/strong> 3(norte) e 4 (sul)<\/p>\n<h2>Moradores ilustres do Tatuap\u00e9<\/h2>\n<p><iframe loading=\"lazy\" style=\"border: none; overflow: hidden; width: 100%; height: 252px;\" src=\"https:\/\/www.facebook.com\/plugins\/likebox.php?href=http%3A%2F%2Fwww.facebook.com%2Fbairrotatuape&amp;width=520&amp;colorscheme=light&amp;show_faces=true&amp;stream=false&amp;header=false&amp;height=252\" width=\"300\" height=\"150\" frameborder=\"0\" scrolling=\"No\"><\/iframe><\/p>\n<h2>Hist\u00f3ria do Bairro Tatuap\u00e9<\/h2>\n<p><a href=\"https:\/\/www.encontratatuape.com.br\/blog\/wp-content\/uploads\/2017\/12\/bairro-do-tatuape.jpg\"><img loading=\"lazy\" decoding=\"async\" width=\"565\" height=\"198\" class=\"alignnone size-full wp-image-21905\" style=\"width: 100%; height: auto;\" src=\"https:\/\/www.encontratatuape.com.br\/blog\/wp-content\/uploads\/2017\/12\/bairro-do-tatuape.jpg\" alt=\"\" srcset=\"https:\/\/www.encontratatuape.com.br\/sobre\/wp-content\/uploads\/2017\/12\/bairro-do-tatuape.jpg 565w, https:\/\/www.encontratatuape.com.br\/sobre\/wp-content\/uploads\/2017\/12\/bairro-do-tatuape-300x105.jpg 300w\" sizes=\"auto, (max-width: 565px) 100vw, 565px\" \/><\/a><br \/>\nO <a href=\"\/\">Tatuap\u00e9<\/a> \u00e9 um bairro pertencente \u00e0 subprefeitura da Mooca, no munic\u00edpio de S\u00e3o Paulo. Est\u00e1 fisicamente dividido entre as \u00e1reas 3 (nordeste) e 4 (leste) do munic\u00edpio, pela rua Melo Freire e pela ferrovia. Em tupi-guarani significa &#8220;caminho do tatu&#8221;.<br \/>\nO distrito sedia o <a href=\"https:\/\/www.encontratatuape.com.br\/tatuape\/sport-club-corinthians-paulista-no-tatuape.shtml\">Sport Club Corinthians Paulista<\/a>, um dos clubes mais populares do Brasil, com aproximadamente 25 milh\u00f5es de torcedores, e fica pr\u00f3ximo ao <a href=\"https:\/\/www.ltaquerao.com\" target=\"_blank\" rel=\"noopener noreferrer\">Itaquer\u00e3o<\/a>, al\u00e9m de consider\u00e1veis pontos comerciais na cidade como os <a href=\"https:\/\/www.encontratatuape.com.br\/tatuape\/shopping-tatuape.shtml\">shoppings Metr\u00f4 Tatuap\u00e9<\/a> e <a href=\"https:\/\/www.encontratatuape.com.br\/tatuape\/shopping-boulevard-tatuape.shtml\">Boulevard Tatuap\u00e9<\/a>.<\/p>\n<p>A \u00e1rea do distrito, originalmente, abrangia tamb\u00e9m os atuais distritos do Carr\u00e3o, <a href=\"https:\/\/www.encontraaricanduva.com.br\" target=\"_blank\" rel=\"noopener noreferrer\">Aricanduva<\/a> e <a href=\"https:\/\/www.encontravilaformosa.com.br\" target=\"_blank\" rel=\"noopener noreferrer\">Vila Formosa<\/a>, que foram se emancipando gradualmente por decretos da prefeitura. Os atuais limites do distrito foram estabelecidos em 1990 pela prefeita Lu\u00edza Erundina.<\/p>\n<p>Isto fez que o distrito de Carr\u00e3o perdesse a <a href=\"https:\/\/www.encontratatuape.com.br\/tatuape\/metro-carrao.shtml\">esta\u00e7\u00e3o de metr\u00f4<\/a>, j\u00e1 que com essa nova divis\u00e3o, a esta\u00e7\u00e3o supracitada ficou a poucos metros da divisa com o distrito de Carr\u00e3o, em territ\u00f3rio do <a href=\"\/\">Bairro Tatuap\u00e9<\/a>, de acordo com os mapas oficiais da Prefeitura de S\u00e3o Paulo. Tamb\u00e9m fez com que o <a href=\"https:\/\/www.encontrajardimanaliafranco.com.br\" target=\"_blank\" rel=\"noopener noreferrer\">Jardim An\u00e1lia Franco<\/a>, considerado tradicionalmente parte do Tatuap\u00e9, fosse transferido para o distrito vizinho da Vila Formosa.<\/p>\n<p>Para homenagear a comunidade de moradores deste maravilho bairro, o <a href=\"https:\/\/www.encontrasaopaulo.com.br\" target=\"_blank\" rel=\"noopener noreferrer\">Encontra S\u00e3o Paulo<\/a> criou o <a href=\"https:\/\/www.encontratatuape.com.br\">Encontra Tatuap\u00e9<\/a><\/p>\n\n<div style=\"font-size: 0px; height: 0px; line-height: 0px; margin: 0; padding: 0; clear: both;\"><\/div>","protected":false},"excerpt":{"rendered":"<p>Limites &#8211; Bairros Vizinhos &#8211; Zona Leste Jardim An\u00e1lia Franco Bel\u00e9m \u00c1gua Rasa Vila Maria Penha Carr\u00e3o Vila Formosa Bairros O Distrito de\u00a0Tatuap\u00e9\u00a0est\u00e1 situado na Zona Leste e abrange os bairros de: \u2022 Ch\u00e1cara Maranh\u00e3o \u2022 Ch\u00e1cara Nani \u2022 Cidade M\u00e3e do C\u00e9u \u2022 Jardim Alice \u2022 Jardim Text\u00edlia \u2022 Parque S\u00e3o Jorge \u2022\u00a0Tatuap\u00e9 \u2022 Vila Azevedo \u2022 Vila Brasil \u2022 Vila Gomes Cardim \u2022 Vila Luiza \u2022 Vila Luzitana \u2022 Vila Moreira \u2022 Vila Santo Estev\u00e3o \u2022 Vila Zilda Pontos Tur\u00edsticos &nbsp; &nbsp; &nbsp; &nbsp; Destaque Shopping Metr\u00f4 Tatuap\u00e9 O Shopping Metr\u00f4 Tatuap\u00e9 \u00e9 um centro comercial da cidade <\/p>\n","protected":false},"author":1,"featured_media":0,"parent":0,"menu_order":0,"comment_status":"closed","ping_status":"closed","template":"","meta":{"footnotes":""},"class_list":["post-21861","page","type-page","status-publish","hentry"],"aioseo_notices":[],"_links":{"self":[{"href":"https:\/\/www.encontratatuape.com.br\/sobre\/wp-json\/wp\/v2\/pages\/21861","targetHints":{"allow":["GET"]}}],"collection":[{"href":"https:\/\/www.encontratatuape.com.br\/sobre\/wp-json\/wp\/v2\/pages"}],"about":[{"href":"https:\/\/www.encontratatuape.com.br\/sobre\/wp-json\/wp\/v2\/types\/page"}],"author":[{"embeddable":true,"href":"https:\/\/www.encontratatuape.com.br\/sobre\/wp-json\/wp\/v2\/users\/1"}],"replies":[{"embeddable":true,"href":"https:\/\/www.encontratatuape.com.br\/sobre\/wp-json\/wp\/v2\/comments?post=21861"}],"version-history":[{"count":0,"href":"https:\/\/www.encontratatuape.com.br\/sobre\/wp-json\/wp\/v2\/pages\/21861\/revisions"}],"wp:attachment":[{"href":"https:\/\/www.encontratatuape.com.br\/sobre\/wp-json\/wp\/v2\/media?parent=21861"}],"curies":[{"name":"wp","href":"https:\/\/api.w.org\/{rel}","templated":true}]}}